{"id":2899,"date":"2023-11-07T12:42:34","date_gmt":"2023-11-07T12:42:34","guid":{"rendered":"https:\/\/mptemp-basic.forwardapps.si\/?page_id=2899"},"modified":"2024-06-24T13:52:07","modified_gmt":"2024-06-24T13:52:07","slug":"avviso-sui-cookie","status":"publish","type":"page","link":"https:\/\/www.hotelmiklic.com\/it\/avviso-sui-cookie\/","title":{"rendered":"Avviso sui cookie"},"content":{"rendered":"\t\t<div data-elementor-type=\"wp-page\" data-elementor-id=\"2899\" class=\"elementor elementor-2899 elementor-2896\" data-elementor-post-type=\"page\">\n\t\t\t\t<div class=\"elementor-element elementor-element-3a7b415 e-flex e-con-boxed e-con e-parent\" data-id=\"3a7b415\" data-element_type=\"container\" data-e-type=\"container\" data-settings=\"{&quot;background_background&quot;:&quot;classic&quot;}\">\n\t\t\t\t\t<div class=\"e-con-inner\">\n\t\t\t\t<div class=\"elementor-element elementor-element-aaa6538 elementor-widget elementor-widget-heading\" data-id=\"aaa6538\" data-element_type=\"widget\" data-e-type=\"widget\" data-widget_type=\"heading.default\">\n\t\t\t\t<div class=\"elementor-widget-container\">\n\t\t\t\t\t<h1 class=\"elementor-heading-title elementor-size-default\">Avviso sui cookie<\/h1>\t\t\t\t<\/div>\n\t\t\t\t<\/div>\n\t\t\t\t\t<\/div>\n\t\t\t\t<\/div>\n\t\t<div class=\"elementor-element elementor-element-b818c68 e-flex e-con-boxed e-con e-parent\" data-id=\"b818c68\" data-element_type=\"container\" data-e-type=\"container\">\n\t\t\t\t\t<div class=\"e-con-inner\">\n\t\t<div class=\"elementor-element elementor-element-3b27f60 e-con-full e-flex e-con e-child\" data-id=\"3b27f60\" data-element_type=\"container\" data-e-type=\"container\">\n\t\t\t\t<div class=\"elementor-element elementor-element-01481f0 elementor-widget elementor-widget-text-editor\" data-id=\"01481f0\" data-element_type=\"widget\" data-e-type=\"widget\" data-widget_type=\"text-editor.default\">\n\t\t\t\t<div class=\"elementor-widget-container\">\n\t\t\t\t\t\t\t\t\t<h2><span style=\"color: #000000;\">Utilizzo dei cookie<\/span><\/h2>\n<p>Il sito web hotelmiklic.com (e-mail, servizi online, pubblicit\u00e0 e applicazioni interattive per ottimizzare i servizi, ecc.) utilizza i cookie.<\/p>\n<p>I cookie non ti identificano personalmente. Li utilizziamo solo per far funzionare meglio il sito web. <\/p>\n<p>Utilizzando questo sito web, accetti che hotelmiklic.com imposti i cookie sul tuo dispositivo.<\/p>\n<h3><span style=\"color: #000000;\">Cosa sono i cookie?<\/span><\/h3>\n<p>I cookie sono piccoli file di testo, solitamente costituiti da lettere e numeri, che il sito web visitato memorizza sul dispositivo (computer, cellulare, tablet, ecc.) per poter riconoscere tali dispositivi. La memorizzazione dei cookie \u00e8 controllata dal browser &#8211; vedi sotto: controllo dei cookie. <\/p>\n<h3><span style=\"color: #000000;\">Perch\u00e9 il nostro sito web ha bisogno dei cookie?<\/span><\/h3>\n<p>Lo scopo principale del cookie \u00e8 consentire al (nostro) server web di presentare all&#8217;utente pagine web personalizzate, che consentono all&#8217;esperienza di visita della (nostra) pagina web di essere pi\u00f9 personale e di rispondere meglio alle esigenze del singolo utente. L&#8217;interazione tra l&#8217;utente e il sito web \u00e8 pi\u00f9 semplice e veloce con l&#8217;aiuto dei cookie. Con il loro aiuto, il sito web ricorda le preferenze e le esperienze dell&#8217;individuo, il che fa risparmiare tempo all&#8217;utente quando visita nuovamente il sito e la navigazione nel sito web risulta quindi pi\u00f9 efficiente e piacevole.  <\/p>\n<h3><span style=\"color: #000000;\">Perch\u00e9 il nostro sito web utilizza i cookie?<\/span><\/h3>\n<p>I cookie sono un mezzo importante per mantenere contenuti freschi e appropriati in linea con gli interessi e le preferenze dei singoli utenti web. Le ragioni per l&#8217;utilizzo dei cookie derivano dalle loro propriet\u00e0, una di queste \u00e8 la memorizzazione di dati sullo stato di un singolo sito web), i cookie aiutano nell&#8217;implementazione di vari servizi online (negozi online), aiutano nella raccolta di varie statistiche, poich\u00e9 solo con possono determinare la frequenza di visita di determinati siti Web. Con l&#8217;aiuto dei cookie il gestore del sito web pu\u00f2 valutare l&#8217;efficacia del design del suo sito web, nonch\u00e9 l&#8217;adeguatezza del tipo e del numero di annunci pubblicitari offerti agli utenti terzi sul suo sito web.  <\/p>\n<h2><span style=\"color: #000000;\">Quali cookie utilizza il nostro sito? <\/span><\/h2>\n\t\t\t\t\t\t\t\t<\/div>\n\t\t\t\t<\/div>\n\t\t\t\t<div class=\"elementor-element elementor-element-ecc29ad elementor-widget elementor-widget-html\" data-id=\"ecc29ad\" data-element_type=\"widget\" data-e-type=\"widget\" data-widget_type=\"html.default\">\n\t\t\t\t<div class=\"elementor-widget-container\">\n\t\t\t\t\t<div class=\"cky-audit-table-element\"><\/div>\t\t\t\t<\/div>\n\t\t\t\t<\/div>\n\t\t\t\t<div class=\"elementor-element elementor-element-8b833e0 elementor-widget elementor-widget-text-editor\" data-id=\"8b833e0\" data-element_type=\"widget\" data-e-type=\"widget\" data-widget_type=\"text-editor.default\">\n\t\t\t\t<div class=\"elementor-widget-container\">\n\t\t\t\t\t\t\t\t\t<h3>Controllo sui cookie o come disabilitarli?<\/h3>\n<p><span style=\"text-decoration: underline;\"><a class=\"cky-banner-element\">Fare clic qui per modificare le impostazioni dei cookie<\/a><\/span><\/p>\n<p>Se desideri modificare il modo in cui i cookie vengono utilizzati nel tuo browser, incluso bloccarli o eliminarli, puoi farlo modificando di conseguenza le impostazioni del browser. Istruzioni pi\u00f9 dettagliate sono presentate di seguito. <\/p>\n<h4>Google Chrome<\/h4>\n<p>1. Fai clic su &#8220;Strumenti&#8221; nella parte superiore del browser e seleziona &#8220;Impostazioni&#8221;.<\/p>\n<p>2. Clicca su &#8220;Mostra impostazioni aggiuntive&#8221;, scorri fino alla sezione &#8220;Privacy&#8221; e clicca sul pulsante &#8220;Impostazioni contenuti&#8221;.<\/p>\n<p>3. Selezionare &#8220;Consenti impostazione dati locali&#8221;.<\/p>\n<h4>Microsoft Internet Explorer 6.0, 7.0, 8.0, 9.0<\/h4>\n<p>1. Fai clic su &#8220;Strumenti&#8221; nella parte superiore del browser e seleziona &#8220;Opzioni Internet&#8221;, quindi fai clic sulla scheda &#8220;Privacy&#8221;.<\/p>\n<p>2. Verifica che il tuo livello di privacy sia impostato su medio o inferiore, ci\u00f2 consentir\u00e0 l&#8217;uso dei cookie nel tuo browser.<\/p>\n<p>3. Un&#8217;impostazione superiore al livello medio disabiliter\u00e0 l&#8217;uso dei cookie.<\/p>\n<h4>Mozilla Firefox<\/h4>\n<p>1. Fai clic su &#8220;Strumenti&#8221; nella parte superiore del browser e seleziona &#8220;Opzioni&#8221;.<\/p>\n<p>2. Selezionare quindi l&#8217;icona \u201cPrivacy\u201d.<\/p>\n<p>3. Fai clic su &#8220;Cookie&#8221; e seleziona l&#8217;opzione &#8220;Consenti ai siti di creare cookie&#8221;.<\/p>\n<h4>Safari<\/h4>\n<p>1. Fai clic sull&#8217;icona a forma di ingranaggio nella parte superiore del browser e seleziona l&#8217;opzione &#8220;Impostazioni&#8221;.<\/p>\n<p>2. Fai clic su &#8220;Privacy&#8221;, quindi seleziona l&#8217;opzione &#8220;Disabilita l&#8217;uso di cookie di terze parti e cookie pubblicitari&#8221;.<\/p>\n<p>3. Fare clic su &#8220;Salva&#8221;.<\/p>\n<h4>Come gestire i cookie su Mac?<\/h4>\n<p>Per abilitare i cookie del nostro sito web, procedi nel seguente modo.<\/p>\n<h4>Microsoft Internet Explorer 5.0 on OSX<\/h4>\n<p>1. Fai clic su &#8220;Esplora&#8221; nella parte superiore del browser e seleziona l&#8217;opzione &#8220;Impostazioni&#8221;.<\/p>\n<p>2. Scorri verso il basso fino a &#8220;Cookie&#8221; nella sezione &#8220;Posta in arrivo&#8221;.<\/p>\n<p>3. Seleziona l&#8217;opzione &#8220;Non chiedere mai&#8221;.<\/p>\n<h4>Safari on OSX<\/h4>\n<p>1. Fai clic su &#8220;Safari&#8221; nella parte superiore del browser e seleziona l&#8217;opzione &#8220;Impostazioni&#8221;.<\/p>\n<p>2. Fare clic su &#8220;Privacy&#8221; e poi su &#8220;Abilita l&#8217;uso dei cookie&#8221;.<\/p>\n<p>3. Seleziona &#8220;Solo sulle pagine visitate&#8221;.<\/p>\n<h4>Mozilla and Netscape on OSX<\/h4>\n<p>1. Fai clic su &#8220;Mozilla&#8221; o &#8220;Netscape&#8221; nella parte superiore del browser e seleziona l&#8217;opzione &#8220;Impostazioni&#8221;.<\/p>\n<p>2. Scorri verso il basso fino a &#8220;Cookie&#8221; nella sezione &#8220;Privacy e sicurezza&#8221;.<\/p>\n<p>3. Seleziona &#8220;Consenti cookie solo per il sito web di origine&#8221;.<\/p>\n<h4>Opera<\/h4>\n<p>1. Fai clic su &#8220;Menu&#8221; nella parte superiore del browser e seleziona &#8220;Impostazioni&#8221;.<\/p>\n<p>2. Selezionare quindi &#8220;Opzioni&#8221; e la scheda &#8220;Avanzate&#8221;.<\/p>\n<p>3. Seleziona l&#8217;opzione &#8220;Abilita l&#8217;uso dei cookie&#8221;.<\/p>\n<h3>Ulteriori informazioni sui cookie<\/h3>\n<p>Se vuoi saperne di pi\u00f9 sui cookie visita una delle seguenti pagine:<\/p>\n<p><a href=\"https:\/\/www.allaboutcookies.org\/\">http:\/\/www.allaboutcookies.org<\/a><\/p>\n<h3>Manager<\/h3>\n<p>Questo sito web \u00e8 gestito da:<\/p>\n<p>PENZION MIKLI\u010c &amp; MIKLI\u010c, d.o.o.<\/p>\n<p>Vitran\u0161ka ulica 13, Kranjska Gora, 4280 Kranjska Gora<\/p>\n\t\t\t\t\t\t\t\t<\/div>\n\t\t\t\t<\/div>\n\t\t\t\t<\/div>\n\t\t\t\t\t<\/div>\n\t\t\t\t<\/div>\n\t\t\t\t<\/div>\n\t\t","protected":false},"excerpt":{"rendered":"<p>Avviso sui cookie Utilizzo dei cookie Il sito web hotelmiklic.com (e-mail, servizi online, pubblicit\u00e0 e applicazioni interattive per ottimizzare i servizi, ecc.) utilizza i cookie. I cookie non ti identificano personalmente. Li utilizziamo solo per far funzionare meglio il sito web. Utilizzando questo sito web, accetti che hotelmiklic.com imposti i cookie sul tuo dispositivo. Cosa [&hellip;]<\/p>\n","protected":false},"author":9,"featured_media":0,"parent":0,"menu_order":0,"comment_status":"closed","ping_status":"closed","template":"","meta":{"footnotes":""},"class_list":["post-2899","page","type-page","status-publish","hentry"],"yoast_head":"<!-- This site is optimized with the Yoast SEO plugin v26.9 - https:\/\/yoast.com\/product\/yoast-seo-wordpress\/ -->\n<title>Avviso sui cookie - Garni hotel Mikli\u010d<\/title>\n<meta name=\"description\" content=\"L&#039;avviso sui cookie si riferisce a www.hotelmiklic.com, che \u00e8 di propriet\u00e0 e gestito da Hotel Miklic. Come utilizziamo i dati personali.\" \/>\n<meta name=\"robots\" content=\"index, follow, max-snippet:-1, max-image-preview:large, max-video-preview:-1\" \/>\n<link rel=\"canonical\" href=\"https:\/\/www.hotelmiklic.com\/it\/avviso-sui-cookie\/\" \/>\n<meta property=\"og:locale\" content=\"it_IT\" \/>\n<meta property=\"og:type\" content=\"article\" \/>\n<meta property=\"og:title\" content=\"Avviso sui cookie - Garni hotel Mikli\u010d\" \/>\n<meta property=\"og:description\" content=\"L&#039;avviso sui cookie si riferisce a www.hotelmiklic.com, che \u00e8 di propriet\u00e0 e gestito da Hotel Miklic. Come utilizziamo i dati personali.\" \/>\n<meta property=\"og:url\" content=\"https:\/\/www.hotelmiklic.com\/it\/avviso-sui-cookie\/\" \/>\n<meta property=\"og:site_name\" content=\"Garni hotel Mikli\u010d\" \/>\n<meta property=\"article:modified_time\" content=\"2024-06-24T13:52:07+00:00\" \/>\n<meta name=\"twitter:card\" content=\"summary_large_image\" \/>\n<meta name=\"twitter:label1\" content=\"Tempo di lettura stimato\" \/>\n\t<meta name=\"twitter:data1\" content=\"4 minuti\" \/>\n<script type=\"application\/ld+json\" class=\"yoast-schema-graph\">{\"@context\":\"https:\/\/schema.org\",\"@graph\":[{\"@type\":\"WebPage\",\"@id\":\"https:\/\/www.hotelmiklic.com\/it\/avviso-sui-cookie\/\",\"url\":\"https:\/\/www.hotelmiklic.com\/it\/avviso-sui-cookie\/\",\"name\":\"Avviso sui cookie - Garni hotel Mikli\u010d\",\"isPartOf\":{\"@id\":\"https:\/\/www.hotelmiklic.com\/it\/#website\"},\"datePublished\":\"2023-11-07T12:42:34+00:00\",\"dateModified\":\"2024-06-24T13:52:07+00:00\",\"description\":\"L'avviso sui cookie si riferisce a www.hotelmiklic.com, che \u00e8 di propriet\u00e0 e gestito da Hotel Miklic. Come utilizziamo i dati personali.\",\"breadcrumb\":{\"@id\":\"https:\/\/www.hotelmiklic.com\/it\/avviso-sui-cookie\/#breadcrumb\"},\"inLanguage\":\"it-IT\",\"potentialAction\":[{\"@type\":\"ReadAction\",\"target\":[\"https:\/\/www.hotelmiklic.com\/it\/avviso-sui-cookie\/\"]}]},{\"@type\":\"BreadcrumbList\",\"@id\":\"https:\/\/www.hotelmiklic.com\/it\/avviso-sui-cookie\/#breadcrumb\",\"itemListElement\":[{\"@type\":\"ListItem\",\"position\":1,\"name\":\"Casa\",\"item\":\"https:\/\/www.hotelmiklic.com\/it\/\"},{\"@type\":\"ListItem\",\"position\":2,\"name\":\"Avviso sui cookie\"}]},{\"@type\":\"WebSite\",\"@id\":\"https:\/\/www.hotelmiklic.com\/it\/#website\",\"url\":\"https:\/\/www.hotelmiklic.com\/it\/\",\"name\":\"Garni hotel Mikli\u010d\",\"description\":\"Sodoben garni hotel v Kranjski Gori, ki se pona\u0161a z dolgo tradicijo.\",\"potentialAction\":[{\"@type\":\"SearchAction\",\"target\":{\"@type\":\"EntryPoint\",\"urlTemplate\":\"https:\/\/www.hotelmiklic.com\/it\/?s={search_term_string}\"},\"query-input\":{\"@type\":\"PropertyValueSpecification\",\"valueRequired\":true,\"valueName\":\"search_term_string\"}}],\"inLanguage\":\"it-IT\"}]}<\/script>\n<!-- \/ Yoast SEO plugin. -->","yoast_head_json":{"title":"Avviso sui cookie - Garni hotel Mikli\u010d","description":"L'avviso sui cookie si riferisce a www.hotelmiklic.com, che \u00e8 di propriet\u00e0 e gestito da Hotel Miklic. Come utilizziamo i dati personali.","robots":{"index":"index","follow":"follow","max-snippet":"max-snippet:-1","max-image-preview":"max-image-preview:large","max-video-preview":"max-video-preview:-1"},"canonical":"https:\/\/www.hotelmiklic.com\/it\/avviso-sui-cookie\/","og_locale":"it_IT","og_type":"article","og_title":"Avviso sui cookie - Garni hotel Mikli\u010d","og_description":"L'avviso sui cookie si riferisce a www.hotelmiklic.com, che \u00e8 di propriet\u00e0 e gestito da Hotel Miklic. Come utilizziamo i dati personali.","og_url":"https:\/\/www.hotelmiklic.com\/it\/avviso-sui-cookie\/","og_site_name":"Garni hotel Mikli\u010d","article_modified_time":"2024-06-24T13:52:07+00:00","twitter_card":"summary_large_image","twitter_misc":{"Tempo di lettura stimato":"4 minuti"},"schema":{"@context":"https:\/\/schema.org","@graph":[{"@type":"WebPage","@id":"https:\/\/www.hotelmiklic.com\/it\/avviso-sui-cookie\/","url":"https:\/\/www.hotelmiklic.com\/it\/avviso-sui-cookie\/","name":"Avviso sui cookie - Garni hotel Mikli\u010d","isPartOf":{"@id":"https:\/\/www.hotelmiklic.com\/it\/#website"},"datePublished":"2023-11-07T12:42:34+00:00","dateModified":"2024-06-24T13:52:07+00:00","description":"L'avviso sui cookie si riferisce a www.hotelmiklic.com, che \u00e8 di propriet\u00e0 e gestito da Hotel Miklic. Come utilizziamo i dati personali.","breadcrumb":{"@id":"https:\/\/www.hotelmiklic.com\/it\/avviso-sui-cookie\/#breadcrumb"},"inLanguage":"it-IT","potentialAction":[{"@type":"ReadAction","target":["https:\/\/www.hotelmiklic.com\/it\/avviso-sui-cookie\/"]}]},{"@type":"BreadcrumbList","@id":"https:\/\/www.hotelmiklic.com\/it\/avviso-sui-cookie\/#breadcrumb","itemListElement":[{"@type":"ListItem","position":1,"name":"Casa","item":"https:\/\/www.hotelmiklic.com\/it\/"},{"@type":"ListItem","position":2,"name":"Avviso sui cookie"}]},{"@type":"WebSite","@id":"https:\/\/www.hotelmiklic.com\/it\/#website","url":"https:\/\/www.hotelmiklic.com\/it\/","name":"Garni hotel Mikli\u010d","description":"Sodoben garni hotel v Kranjski Gori, ki se pona\u0161a z dolgo tradicijo.","potentialAction":[{"@type":"SearchAction","target":{"@type":"EntryPoint","urlTemplate":"https:\/\/www.hotelmiklic.com\/it\/?s={search_term_string}"},"query-input":{"@type":"PropertyValueSpecification","valueRequired":true,"valueName":"search_term_string"}}],"inLanguage":"it-IT"}]}},"_links":{"self":[{"href":"https:\/\/www.hotelmiklic.com\/it\/wp-json\/wp\/v2\/pages\/2899","targetHints":{"allow":["GET"]}}],"collection":[{"href":"https:\/\/www.hotelmiklic.com\/it\/wp-json\/wp\/v2\/pages"}],"about":[{"href":"https:\/\/www.hotelmiklic.com\/it\/wp-json\/wp\/v2\/types\/page"}],"author":[{"embeddable":true,"href":"https:\/\/www.hotelmiklic.com\/it\/wp-json\/wp\/v2\/users\/9"}],"replies":[{"embeddable":true,"href":"https:\/\/www.hotelmiklic.com\/it\/wp-json\/wp\/v2\/comments?post=2899"}],"version-history":[{"count":0,"href":"https:\/\/www.hotelmiklic.com\/it\/wp-json\/wp\/v2\/pages\/2899\/revisions"}],"wp:attachment":[{"href":"https:\/\/www.hotelmiklic.com\/it\/wp-json\/wp\/v2\/media?parent=2899"}],"curies":[{"name":"wp","href":"https:\/\/api.w.org\/{rel}","templated":true}]}}